{"id":989,"date":"2024-04-18T19:32:03","date_gmt":"2024-04-18T18:32:03","guid":{"rendered":"https:\/\/yyaesta.com\/?page_id=989"},"modified":"2024-07-04T16:58:59","modified_gmt":"2024-07-04T15:58:59","slug":"planes-y-servicios","status":"publish","type":"page","link":"https:\/\/yyaesta.com\/index.php\/planes-y-servicios\/","title":{"rendered":"Planes y Servicios"},"content":{"rendered":"\t\t<div data-elementor-type=\"wp-page\" data-elementor-id=\"989\" class=\"elementor elementor-989\">\n\t\t\t\t<div class=\"elementor-element elementor-element-10b147a3 e-flex e-con-boxed e-con e-parent\" data-id=\"10b147a3\" data-element_type=\"container\" data-e-type=\"container\">\n\t\t\t\t\t<div class=\"e-con-inner\">\n\t\t\t\t<div class=\"elementor-element elementor-element-3977dd0e elementor-widget elementor-widget-text-editor\" data-id=\"3977dd0e\" data-element_type=\"widget\" data-e-type=\"widget\" data-widget_type=\"text-editor.default\">\n\t\t\t\t<div class=\"elementor-widget-container\">\n\t\t\t\t\t\t\t\t\t\n<div class=\"wp-block-uagb-advanced-heading uagb-block-a076e585\">\n<h2 class=\"uagb-heading-text\"><strong>Tu Historia Merece Ser Contada<\/strong><\/h2>\n<\/div>\n\n<p>Cada plan est\u00e1 dise\u00f1ado con un objetivo en mente: garantizar que tu historia llegue a tantos lectores como sea posible, de la manera m\u00e1s eficiente y satisfactoria. \u00abEditorial Y Ya Est\u00e1\u00bb est\u00e1 aqu\u00ed para asesorarte en cada paso, desde la selecci\u00f3n del plan m\u00e1s adecuado para ti hasta el emocionante momento del lanzamiento de tu libro.\u00a0<\/p>\n\n<p>\u00a0<\/p>\n\n<div class=\"wp-block-uagb-container uagb-block-w3nheast alignfull uagb-is-root-container\">\n<div class=\"uagb-container-inner-blocks-wrap\">\n<div class=\"wp-block-uagb-info-box uagb-block-qvbfjnl8 uagb-infobox__content-wrap  uagb-infobox-icon-above-title uagb-infobox-image-valign-top\">\n<div class=\"uagb-ifb-content\">\n<div class=\"uagb-ifb-title-wrap\">\n<h2 class=\"uagb-ifb-title\"><a title=\"Plan de Autopublicaci\u00f3n en Amazon\" href=\"https:\/\/yyaesta.com\/index.php\/plan-de-autopublicacion-en-amazon\/\" target=\"_blank\" rel=\"noopener\">Plan de Autopublicaci\u00f3n en Amazon<\/a><\/h2>\n<\/div>\n<\/div>\n<\/div>\n\n<div class=\"wp-block-uagb-container uagb-block-p0hb05lu\">\n<div class=\"wp-block-uagb-container uagb-block-ktykgjsa\">\n<div class=\"wp-block-uagb-info-box uagb-block-g8kch14p uagb-infobox__content-wrap  uagb-infobox-icon-above-title uagb-infobox-image-valign-top\">\n<div class=\"uagb-ifb-content\">\n<div class=\"uagb-ifb-title-wrap\">\n<h4 class=\"uagb-ifb-title\">Este plan est\u00e1 dise\u00f1ado espec\u00edficamente para autores que desean controlar completamente su proceso de publicaci\u00f3n en Amazon, uno de los mercados m\u00e1s grandes para libros en el mundo. Nosotros nos encargamos de los detalles t\u00e9cnicos y log\u00edsticos para que t\u00fa puedas enfocarte en la promoci\u00f3n y venta de tu libro.<\/h4>\n<\/div>\n<\/div>\n<\/div>\n\n<div class=\"wp-block-uagb-buttons uagb-buttons__outer-wrap uagb-btn__default-btn uagb-btn-tablet__default-btn uagb-btn-mobile__default-btn uagb-block-jzucirpf\">\n<div class=\"uagb-buttons__wrap uagb-buttons-layout-wrap \">\n<div class=\"wp-block-uagb-buttons-child uagb-buttons__outer-wrap uagb-block-vageqef1 wp-block-button\">\n<div class=\"uagb-button__wrapper\">\n<div class=\"uagb-button__link\"><a title=\"Plan de Autopublicaci\u00f3n en Amazon\" href=\"https:\/\/yyaesta.com\/index.php\/plan-de-autopublicacion-en-amazon\/\" target=\"_blank\" rel=\"noopener\">Saber M\u00e1s<\/a><\/div>\n<\/div>\n<\/div>\n<\/div>\n<\/div>\n<\/div>\n\n<div class=\"wp-block-uagb-image alignleft uagb-block-5tor524z wp-block-uagb-image--layout-default wp-block-uagb-image--effect-static wp-block-uagb-image--align-left\">\n<figure class=\"wp-block-uagb-image__figure\"><img fetchpriority=\"high\" decoding=\"async\" class=\"uag-image-954\" title=\"Autopublicacion-amazon\" role=\"img\" src=\"https:\/\/yyaesta.com\/wp-content\/uploads\/2024\/04\/Autopublicacion-amazon.svg\" sizes=\"(max-width: 480px) 150px\" srcset=\"https:\/\/yyaesta.com\/wp-content\/uploads\/2024\/04\/Autopublicacion-amazon.svg ,https:\/\/yyaesta.com\/wp-content\/uploads\/2024\/04\/Autopublicacion-amazon.svg 780w, https:\/\/yyaesta.com\/wp-content\/uploads\/2024\/04\/Autopublicacion-amazon.svg 360w\" alt=\"\" width=\"564\" height=\"400\" \/><\/figure>\n<\/div>\n<\/div>\n<\/div>\n<\/div>\n\n<div class=\"wp-block-uagb-container uagb-block-bydn4fmq alignfull uagb-is-root-container\">\n<div class=\"uagb-container-inner-blocks-wrap\">\n<div class=\"wp-block-uagb-info-box uagb-block-qlxtwp2y uagb-infobox__content-wrap  uagb-infobox-icon-above-title uagb-infobox-image-valign-top\">\n<div class=\"uagb-ifb-content\">\n<div class=\"uagb-ifb-title-wrap\">\n<h2 class=\"uagb-ifb-title\"><a title=\"Plan Socio Editorial (M\u00faltiples Plataformas Digitales y Librer\u00edas F\u00edsicas)\" href=\"https:\/\/yyaesta.com\/index.php\/plan-socio-editorial-multiples-plataformas-digitales-y-librerias-fisicas\/\" target=\"_blank\" rel=\"noopener\"><strong>Plan Socio Editorial<\/strong><\/a> Premium<br \/><strong>(M\u00faltiples Plataformas Digitales y Librer\u00edas F\u00edsicas)<\/strong><\/h2>\n<\/div>\n<\/div>\n<\/div>\n\n<div class=\"wp-block-uagb-container uagb-block-ygv5jwjy\">\n<div class=\"wp-block-uagb-container uagb-block-znb1vnzv\">\n<div class=\"wp-block-uagb-info-box uagb-block-yvzxafyn uagb-infobox__content-wrap  uagb-infobox-icon-above-title uagb-infobox-image-valign-top\">\n<div class=\"uagb-ifb-content\">\n<div class=\"uagb-ifb-title-wrap\">\n<h4>Nuestro Servicio Premium est\u00e1 dise\u00f1ado para aquellos autores que no solo desean publicar su libro, sino tambi\u00e9n vivir de su pasi\u00f3n. A trav\u00e9s de este plan exclusivo, ofrecemos un conjunto integral de servicios que aseguran que tu obra no solo vea la luz, sino que brille en un mercado saturado. El Plan Socio Editorial Premium est\u00e1 dise\u00f1ado precisamente para abordar esta necesidad.<\/h4>\n<\/div>\n<\/div>\n<\/div>\n\n<div class=\"wp-block-uagb-buttons uagb-buttons__outer-wrap uagb-btn__default-btn uagb-btn-tablet__default-btn uagb-btn-mobile__default-btn uagb-block-vsysilgf\">\n<div class=\"uagb-buttons__wrap uagb-buttons-layout-wrap \">\n<div class=\"wp-block-uagb-buttons-child uagb-buttons__outer-wrap uagb-block-8ha2stqn wp-block-button\">\n<div class=\"uagb-button__wrapper\">\n<div class=\"uagb-button__link\"><a title=\"Plan Socio Editorial (M\u00faltiples Plataformas Digitales y Librer\u00edas F\u00edsicas)\" href=\"https:\/\/yyaesta.com\/index.php\/plan-socio-editorial-multiples-plataformas-digitales-y-librerias-fisicas\/\" target=\"_blank\" rel=\"noopener\">Saber M\u00e1s<\/a><\/div>\n<\/div>\n<\/div>\n<\/div>\n<\/div>\n<\/div>\n\n<div class=\"wp-block-uagb-image alignleft uagb-block-yewqj8pr wp-block-uagb-image--layout-default wp-block-uagb-image--effect-static wp-block-uagb-image--align-left\">\n<figure class=\"wp-block-uagb-image__figure\"><img decoding=\"async\" class=\"uag-image-956\" title=\"Hibrido\" role=\"img\" src=\"https:\/\/yyaesta.com\/wp-content\/uploads\/2024\/04\/Hibrido.svg\" sizes=\"(max-width: 480px) 150px\" srcset=\"https:\/\/yyaesta.com\/wp-content\/uploads\/2024\/04\/Hibrido.svg ,https:\/\/yyaesta.com\/wp-content\/uploads\/2024\/04\/Hibrido.svg 780w, https:\/\/yyaesta.com\/wp-content\/uploads\/2024\/04\/Hibrido.svg 360w\" alt=\"\" width=\"564\" height=\"400\" \/><\/figure>\n<\/div>\n<\/div>\n<\/div>\n<\/div>\n\t\t\t\t\t\t\t\t<\/div>\n\t\t\t\t<\/div>\n\t\t\t\t<div class=\"elementor-element elementor-element-f12a350 elementor-widget elementor-widget-heading\" data-id=\"f12a350\" data-element_type=\"widget\" data-e-type=\"widget\" data-widget_type=\"heading.default\">\n\t\t\t\t<div class=\"elementor-widget-container\">\n\t\t\t\t\t<h2 class=\"elementor-heading-title elementor-size-default\">Aceptamos manuscritos.\nNos adaptamos a tus necesidades elaborando presupuestos personalizados flexibles para cada autor.<br>Cu\u00e9ntanos tu historia  y estaremos encantados de ayudarte a transformar tus pensamientos en una obra publicada.<\/h2>\t\t\t\t<\/div>\n\t\t\t\t<\/div>\n\t\t\t\t<div class=\"elementor-element elementor-element-72ec273 elementor-widget elementor-widget-wpforms\" data-id=\"72ec273\" data-element_type=\"widget\" data-e-type=\"widget\" data-widget_type=\"wpforms.default\">\n\t\t\t\t<div class=\"elementor-widget-container\">\n\t\t\t\t\t<div class=\"wpforms-container \" id=\"wpforms-647\"><form id=\"wpforms-form-647\" class=\"wpforms-validate wpforms-form wpforms-ajax-form\" data-formid=\"647\" method=\"post\" enctype=\"multipart\/form-data\" action=\"\/index.php\/wp-json\/wp\/v2\/pages\/989\" data-token=\"ae19274edb7c87f0c58355b4257e13b6\" data-token-time=\"1777503098\"><noscript class=\"wpforms-error-noscript\">Por favor, activa JavaScript en tu navegador para completar este formulario.<\/noscript><div class=\"wpforms-field-container\"><div id=\"wpforms-647-field_1-container\" class=\"wpforms-field wpforms-field-text\" data-field-id=\"1\"><label class=\"wpforms-field-label wpforms-label-hide\" for=\"wpforms-647-field_1\">Nombre <span class=\"wpforms-required-label\">*<\/span><\/label><input type=\"text\" id=\"wpforms-647-field_1\" class=\"wpforms-field-large wpforms-field-required\" name=\"wpforms[fields][1]\" placeholder=\"Nombre\" required><\/div><div id=\"wpforms-647-field_2-container\" class=\"wpforms-field wpforms-field-text\" data-field-id=\"2\"><label class=\"wpforms-field-label wpforms-label-hide\" for=\"wpforms-647-field_2\">Email <span class=\"wpforms-required-label\">*<\/span><\/label><input type=\"text\" id=\"wpforms-647-field_2\" class=\"wpforms-field-large wpforms-field-required\" name=\"wpforms[fields][2]\" placeholder=\"Email\" required><\/div><div id=\"wpforms-647-field_3-container\" class=\"wpforms-field wpforms-field-text\" data-field-id=\"3\"><label class=\"wpforms-field-label wpforms-label-hide\" for=\"wpforms-647-field_3\">Asunto <span class=\"wpforms-required-label\">*<\/span><\/label><input type=\"text\" id=\"wpforms-647-field_3\" class=\"wpforms-field-large wpforms-field-required\" name=\"wpforms[fields][3]\" placeholder=\"Asunto\" required><\/div><div id=\"wpforms-647-field_4-container\" class=\"wpforms-field wpforms-field-textarea\" data-field-id=\"4\"><label class=\"wpforms-field-label wpforms-label-hide\" for=\"wpforms-647-field_4\">Mensaje<\/label><textarea id=\"wpforms-647-field_4\" class=\"wpforms-field-medium\" name=\"wpforms[fields][4]\" placeholder=\"Mensaje\" ><\/textarea><\/div><\/div><!-- .wpforms-field-container --><div class=\"wpforms-submit-container\" ><input type=\"hidden\" name=\"wpforms[id]\" value=\"647\"><input type=\"hidden\" name=\"page_title\" value=\"\"><input type=\"hidden\" name=\"page_url\" value=\"https:\/\/yyaesta.com\/index.php\/wp-json\/wp\/v2\/pages\/989\"><input type=\"hidden\" name=\"url_referer\" value=\"\"><button type=\"submit\" name=\"wpforms[submit]\" id=\"wpforms-submit-647\" class=\"wpforms-submit\" data-alt-text=\"Enviando...\" data-submit-text=\"Enviar Mensaje\" aria-live=\"assertive\" value=\"wpforms-submit\">Enviar Mensaje<\/button><img decoding=\"async\" src=\"https:\/\/yyaesta.com\/wp-content\/plugins\/wpforms-lite\/assets\/images\/submit-spin.svg\" class=\"wpforms-submit-spinner\" style=\"display: none;\" width=\"26\" height=\"26\" alt=\"Cargando\"><\/div><\/form><\/div>  <!-- .wpforms-container -->\t\t\t\t<\/div>\n\t\t\t\t<\/div>\n\t\t\t\t\t<\/div>\n\t\t\t\t<\/div>\n\t\t\t\t<\/div>\n\t\t","protected":false},"excerpt":{"rendered":"<p>Tu Historia Merece Ser Contada Cada plan est\u00e1 dise\u00f1ado con un objetivo en mente: garantizar que tu historia llegue a tantos lectores como sea posible, de la manera m\u00e1s eficiente y satisfactoria. \u00abEditorial Y Ya Est\u00e1\u00bb est\u00e1 aqu\u00ed para asesorarte en cada paso, desde la selecci\u00f3n del plan m\u00e1s adecuado para ti hasta el emocionante [&hellip;]<\/p>\n","protected":false},"author":1,"featured_media":0,"parent":0,"menu_order":0,"comment_status":"closed","ping_status":"closed","template":"","meta":{"om_disable_all_campaigns":false,"_uag_custom_page_level_css":"","_monsterinsights_skip_tracking":false,"_monsterinsights_sitenote_active":false,"_monsterinsights_sitenote_note":"","_monsterinsights_sitenote_category":0,"_uf_show_specific_survey":0,"_uf_disable_surveys":false,"site-sidebar-layout":"default","site-content-layout":"","ast-site-content-layout":"default","site-content-style":"default","site-sidebar-style":"default","ast-global-header-display":"","ast-banner-title-visibility":"","ast-main-header-display":"","ast-hfb-above-header-display":"","ast-hfb-below-header-display":"","ast-hfb-mobile-header-display":"","site-post-title":"","ast-breadcrumbs-content":"","ast-featured-img":"","footer-sml-layout":"","ast-disable-related-posts":"","theme-transparent-header-meta":"","adv-header-id-meta":"","stick-header-meta":"","header-above-stick-meta":"","header-main-stick-meta":"","header-below-stick-meta":"","astra-migrate-meta-layouts":"set","ast-page-background-enabled":"default","ast-page-background-meta":{"desktop":{"background-color":"var(--ast-global-color-4)","background-image":"","background-repeat":"repeat","background-position":"center center","background-size":"auto","background-attachment":"scroll","background-type":"","background-media":"","overlay-type":"","overlay-color":"","overlay-opacity":"","overlay-gradient":""},"tablet":{"background-color":"","background-image":"","background-repeat":"repeat","background-position":"center center","background-size":"auto","background-attachment":"scroll","background-type":"","background-media":"","overlay-type":"","overlay-color":"","overlay-opacity":"","overlay-gradient":""},"mobile":{"background-color":"","background-image":"","background-repeat":"repeat","background-position":"center center","background-size":"auto","background-attachment":"scroll","background-type":"","background-media":"","overlay-type":"","overlay-color":"","overlay-opacity":"","overlay-gradient":""}},"ast-content-background-meta":{"desktop":{"background-color":"var(--ast-global-color-5)","background-image":"","background-repeat":"repeat","background-position":"center center","background-size":"auto","background-attachment":"scroll","background-type":"","background-media":"","overlay-type":"","overlay-color":"","overlay-opacity":"","overlay-gradient":""},"tablet":{"background-color":"var(--ast-global-color-5)","background-image":"","background-repeat":"repeat","background-position":"center center","background-size":"auto","background-attachment":"scroll","background-type":"","background-media":"","overlay-type":"","overlay-color":"","overlay-opacity":"","overlay-gradient":""},"mobile":{"background-color":"var(--ast-global-color-5)","background-image":"","background-repeat":"repeat","background-position":"center center","background-size":"auto","background-attachment":"scroll","background-type":"","background-media":"","overlay-type":"","overlay-color":"","overlay-opacity":"","overlay-gradient":""}},"footnotes":""},"class_list":["post-989","page","type-page","status-publish","hentry"],"aioseo_notices":[],"uagb_featured_image_src":{"full":false,"thumbnail":false,"medium":false,"medium_large":false,"large":false,"1536x1536":false,"2048x2048":false},"uagb_author_info":{"display_name":"Editorial Y Ya Est\u00e1","author_link":"https:\/\/yyaesta.com\/index.php\/author\/robinsonmatty21\/"},"uagb_comment_info":0,"uagb_excerpt":"Tu Historia Merece Ser Contada Cada plan est\u00e1 dise\u00f1ado con un objetivo en mente: garantizar que tu historia llegue a tantos lectores como sea posible, de la manera m\u00e1s eficiente y satisfactoria. \u00abEditorial Y Ya Est\u00e1\u00bb est\u00e1 aqu\u00ed para asesorarte en cada paso, desde la selecci\u00f3n del plan m\u00e1s adecuado para ti hasta el emocionante&hellip;","_links":{"self":[{"href":"https:\/\/yyaesta.com\/index.php\/wp-json\/wp\/v2\/pages\/989","targetHints":{"allow":["GET"]}}],"collection":[{"href":"https:\/\/yyaesta.com\/index.php\/wp-json\/wp\/v2\/pages"}],"about":[{"href":"https:\/\/yyaesta.com\/index.php\/wp-json\/wp\/v2\/types\/page"}],"author":[{"embeddable":true,"href":"https:\/\/yyaesta.com\/index.php\/wp-json\/wp\/v2\/users\/1"}],"replies":[{"embeddable":true,"href":"https:\/\/yyaesta.com\/index.php\/wp-json\/wp\/v2\/comments?post=989"}],"version-history":[{"count":10,"href":"https:\/\/yyaesta.com\/index.php\/wp-json\/wp\/v2\/pages\/989\/revisions"}],"predecessor-version":[{"id":1048,"href":"https:\/\/yyaesta.com\/index.php\/wp-json\/wp\/v2\/pages\/989\/revisions\/1048"}],"wp:attachment":[{"href":"https:\/\/yyaesta.com\/index.php\/wp-json\/wp\/v2\/media?parent=989"}],"curies":[{"name":"wp","href":"https:\/\/api.w.org\/{rel}","templated":true}]}}