{"id":966,"date":"2024-04-18T18:35:43","date_gmt":"2024-04-18T17:35:43","guid":{"rendered":"https:\/\/yyaesta.com\/?page_id=966"},"modified":"2024-07-04T16:54:46","modified_gmt":"2024-07-04T15:54:46","slug":"plan-socio-editorial-multiples-plataformas-digitales-y-librerias-fisicas","status":"publish","type":"page","link":"https:\/\/yyaesta.com\/index.php\/plan-socio-editorial-multiples-plataformas-digitales-y-librerias-fisicas\/","title":{"rendered":"Plan Socio Editorial Premium (M\u00faltiples Plataformas Digitales y Librer\u00edas F\u00edsicas)"},"content":{"rendered":"\t\t<div data-elementor-type=\"wp-page\" data-elementor-id=\"966\" class=\"elementor elementor-966\">\n\t\t\t\t<div class=\"elementor-element elementor-element-4e1f7177 e-flex e-con-boxed e-con e-parent\" data-id=\"4e1f7177\" data-element_type=\"container\" data-e-type=\"container\">\n\t\t\t\t\t<div class=\"e-con-inner\">\n\t\t\t\t<div class=\"elementor-element elementor-element-3a509f9 elementor-widget elementor-widget-text-editor\" data-id=\"3a509f9\" data-element_type=\"widget\" data-e-type=\"widget\" data-widget_type=\"text-editor.default\">\n\t\t\t\t<div class=\"elementor-widget-container\">\n\t\t\t\t\t\t\t\t\t<p><\/p>\n<p style=\"margin-top: 0cm; line-height: 150%;\"><span style=\"font-size: 14.0pt; line-height: 150%; font-family: 'Times New Roman',serif;\">En Editorial Y Ya Est\u00e1, entendemos que publicar un libro es solo el comienzo de un viaje apasionante. Para aquellos autores que desean tener control total de las ganancias de sus obras e ir m\u00e1s all\u00e1 hasta alcanzar el verdadero \u00e9xito, hemos creado un servicio premium que combina lo mejor de la edici\u00f3n con las herramientas y estrategias m\u00e1s avanzadas del marketing digital.<\/span><\/p>\n<p>\u00a0<\/p>\n<p style=\"margin-top: 0cm; line-height: 150%;\"><span style=\"font-size: 14.0pt; line-height: 150%; font-family: 'Times New Roman',serif;\">En Editorial Y Ya Est\u00e1, hemos aprendido a trav\u00e9s de nuestra experiencia en el mundo editorial que existen dos tipos de autores: aquellos que desean publicar un libro y aquellos que aspiran a vivir de ello. Publicar un libro, por s\u00ed solo, no garantiza el \u00e9xito en ventas. En la actualidad, la clave para alcanzar el \u00e9xito reside en la visibilidad del libro en el mundo digital y en las redes sociales. Hoy en d\u00eda, el marketing digital ha demostrado ser m\u00e1s eficaz que los m\u00e9todos tradicionales. Las librer\u00edas f\u00edsicas tienen limitaciones en cuanto a la cantidad de libros que pueden almacenar y exhibir, y llegar a ellas puede ser un proceso complicado y costoso. Por el contrario, el mundo digital ofrece una plataforma ilimitada y accesible para promover tu obra.<\/span><\/p>\n<p><\/p>\t\t\t\t\t\t\t\t<\/div>\n\t\t\t\t<\/div>\n\t\t\t\t\t<\/div>\n\t\t\t\t<\/div>\n\t\t<div class=\"elementor-element elementor-element-269b485 e-flex e-con-boxed e-con e-parent\" data-id=\"269b485\" data-element_type=\"container\" data-e-type=\"container\">\n\t\t\t\t\t<div class=\"e-con-inner\">\n\t\t\t\t<div class=\"elementor-element elementor-element-45528dc elementor-widget elementor-widget-image\" data-id=\"45528dc\" data-element_type=\"widget\" data-e-type=\"widget\" data-widget_type=\"image.default\">\n\t\t\t\t<div class=\"elementor-widget-container\">\n\t\t\t\t\t\t\t\t\t\t\t\t\t\t\t<img fetchpriority=\"high\" decoding=\"async\" width=\"300\" height=\"300\" src=\"https:\/\/yyaesta.com\/wp-content\/uploads\/2024\/04\/Hibrido.svg\" class=\"attachment-large size-large wp-image-956\" alt=\"\" \/>\t\t\t\t\t\t\t\t\t\t\t\t\t\t\t<\/div>\n\t\t\t\t<\/div>\n\t\t\t\t<div class=\"elementor-element elementor-element-94e2436 elementor-widget elementor-widget-wpforms\" data-id=\"94e2436\" data-element_type=\"widget\" data-e-type=\"widget\" data-widget_type=\"wpforms.default\">\n\t\t\t\t<div class=\"elementor-widget-container\">\n\t\t\t\t\t<div class=\"wpforms-container \" id=\"wpforms-647\"><form id=\"wpforms-form-647\" class=\"wpforms-validate wpforms-form wpforms-ajax-form\" data-formid=\"647\" method=\"post\" enctype=\"multipart\/form-data\" action=\"\/index.php\/wp-json\/wp\/v2\/pages\/966\" data-token=\"ae19274edb7c87f0c58355b4257e13b6\" data-token-time=\"1777503713\"><noscript class=\"wpforms-error-noscript\">Por favor, activa JavaScript en tu navegador para completar este formulario.<\/noscript><div class=\"wpforms-field-container\"><div id=\"wpforms-647-field_1-container\" class=\"wpforms-field wpforms-field-text\" data-field-id=\"1\"><label class=\"wpforms-field-label wpforms-label-hide\" for=\"wpforms-647-field_1\">Nombre <span class=\"wpforms-required-label\">*<\/span><\/label><input type=\"text\" id=\"wpforms-647-field_1\" class=\"wpforms-field-large wpforms-field-required\" name=\"wpforms[fields][1]\" placeholder=\"Nombre\" required><\/div><div id=\"wpforms-647-field_2-container\" class=\"wpforms-field wpforms-field-text\" data-field-id=\"2\"><label class=\"wpforms-field-label wpforms-label-hide\" for=\"wpforms-647-field_2\">Email <span class=\"wpforms-required-label\">*<\/span><\/label><input type=\"text\" id=\"wpforms-647-field_2\" class=\"wpforms-field-large wpforms-field-required\" name=\"wpforms[fields][2]\" placeholder=\"Email\" required><\/div><div id=\"wpforms-647-field_3-container\" class=\"wpforms-field wpforms-field-text\" data-field-id=\"3\"><label class=\"wpforms-field-label wpforms-label-hide\" for=\"wpforms-647-field_3\">Asunto <span class=\"wpforms-required-label\">*<\/span><\/label><input type=\"text\" id=\"wpforms-647-field_3\" class=\"wpforms-field-large wpforms-field-required\" name=\"wpforms[fields][3]\" placeholder=\"Asunto\" required><\/div><div id=\"wpforms-647-field_4-container\" class=\"wpforms-field wpforms-field-textarea\" data-field-id=\"4\"><label class=\"wpforms-field-label wpforms-label-hide\" for=\"wpforms-647-field_4\">Mensaje<\/label><textarea id=\"wpforms-647-field_4\" class=\"wpforms-field-medium\" name=\"wpforms[fields][4]\" placeholder=\"Mensaje\" ><\/textarea><\/div><\/div><!-- .wpforms-field-container --><div class=\"wpforms-submit-container\" ><input type=\"hidden\" name=\"wpforms[id]\" value=\"647\"><input type=\"hidden\" name=\"page_title\" value=\"\"><input type=\"hidden\" name=\"page_url\" value=\"https:\/\/yyaesta.com\/index.php\/wp-json\/wp\/v2\/pages\/966\"><input type=\"hidden\" name=\"url_referer\" value=\"\"><button type=\"submit\" name=\"wpforms[submit]\" id=\"wpforms-submit-647\" class=\"wpforms-submit\" data-alt-text=\"Enviando...\" data-submit-text=\"Enviar Mensaje\" aria-live=\"assertive\" value=\"wpforms-submit\">Enviar Mensaje<\/button><img decoding=\"async\" src=\"https:\/\/yyaesta.com\/wp-content\/plugins\/wpforms-lite\/assets\/images\/submit-spin.svg\" class=\"wpforms-submit-spinner\" style=\"display: none;\" width=\"26\" height=\"26\" alt=\"Cargando\"><\/div><\/form><\/div>  <!-- .wpforms-container -->\t\t\t\t<\/div>\n\t\t\t\t<\/div>\n\t\t\t\t<div class=\"elementor-element elementor-element-f934933 elementor-widget elementor-widget-text-editor\" data-id=\"f934933\" data-element_type=\"widget\" data-e-type=\"widget\" data-widget_type=\"text-editor.default\">\n\t\t\t\t<div class=\"elementor-widget-container\">\n\t\t\t\t\t\t\t\t\t<h6>Nuestro Servicio Premium est\u00e1 dise\u00f1ado para aquellos autores que no solo desean publicar su libro, sino tambi\u00e9n vivir de su pasi\u00f3n. A trav\u00e9s de este plan exclusivo, ofrecemos un conjunto integral de servicios que aseguran que tu obra no solo vea la luz, sino que brille en un mercado saturado. El Plan Socio Editorial Premium est\u00e1 dise\u00f1ado precisamente para abordar esta necesidad.<\/h6>\n<h4><b>Servicios Incluidos:<\/b><\/h4>\n<h6><b><br \/><\/b>Para empezar, gozas de todos los servicios del Plan de Autopublicaci\u00f3n en Amazon, pero adem\u00e1s ofrecemos nuestra capacidad de distribuci\u00f3n junto con un extenso trabajo en Marketing y Promoci\u00f3n Digital con la creaci\u00f3n de contenido multimedia:<\/h6>\n<p>\u00a0<\/p>\n<p>\u00a0<b>Videopoemas<\/b>: Hacemos una producci\u00f3n de videopoemas basados en el libro del autor, utilizando t\u00e9cnicas de ilustraci\u00f3n y sonido profesionales, y garantizamos que estos videopoemas ser\u00e1n visto por m\u00e1s de cien mil personas a trav\u00e9s de las redes sociales.<\/p>\n<p>\u00a0<b>Booktrailer<\/b>: Creaci\u00f3n de un booktrailer para promocionar el libro en todas las redes sociales.<\/p>\n<p>\u00a0<b>Post para redes sociales<\/b>: Dise\u00f1o de posts profesionales, usando frases del libro o del propio autor para impulsar la visibilidad del libro.<\/p>\n<p><b>\u00a0Promoci\u00f3n en nuestras redes:<\/b> Publicaci\u00f3n y promoci\u00f3n del contenido en nuestras plataformas de YouTube, TikTok e Instagram para alcanzar una audiencia m\u00e1s amplia y que el libro sea visible.<\/p>\n<p><br \/>\u00a0<b>Sitio Web del Autor:<\/b> Creaci\u00f3n de un sitio web personalizado para el autor, donde podr\u00e1 subir contenido, mantener informados a sus seguidores de sus nuevos escritos y eventos, y vender sus libros directamente desde su p\u00e1gina web. Este sitio web ser\u00e1 completamente gestionado por el autor, brind\u00e1ndole total control sobre su presencia en l\u00ednea.<\/p>\n<p><br \/><b>Distribuci\u00f3n Ampliada:<br \/><\/b>Con este plan tu libro estar\u00e1 disponible no solo en Amazon, plataforma en la que mantendr\u00e1s el control absoluto de tu libro, sino tambi\u00e9n gozaras de una red de m\u00e1s de 4000 librer\u00edas f\u00edsicas a trav\u00e9s de nuestra distribuidora, maximizando el alcance y la disponibilidad del libro.<br \/>Para este acuerdo de Sociedad, la duraci\u00f3n es por un a\u00f1o, con opci\u00f3n a renovaci\u00f3n, con una participaci\u00f3n en las Ganancias del 50% de las ganancias netas, (fuera de las ventas que obtengas en plataformas como Amazon en donde mantienes el control, \u00fanicamente se sumar\u00e1 a este acuerdo las ventas que se realicen atreves de nuestra distribuidora).<\/p>\n<p><br \/><b>Reporte de Ventas Detallado:<\/b> Informe completo al final del a\u00f1o de las ventas con nuestra distribuci\u00f3n.<\/p>\n<p><br \/><b>Impresi\u00f3n de Alta Calidad Bajo Demanda:<\/b> Impresiones de excelente calidad para una presentaci\u00f3n \u00f3ptima.<\/p>\n<p><b>Venta en la P\u00e1gina Web de la Editorial:<\/b> Inclusi\u00f3n del libro en nuestra tienda en l\u00ednea, y en m\u00e1s de 4000 librer\u00edas f\u00edsicas en sus portales virtuales.<\/p>\n<p><b>Copias F\u00edsicas:<\/b> Te entregamos 10 copias de alt\u00edsima calidad del libro, (libros de alta calidad, con o sin solapa, a diferencia de la baja calidad de los ejemplares impresos por Amazon), para uso personal, o para promociones o ventas directas.<\/p>\n<p><br \/>El Plan Socio Editorial est\u00e1 dise\u00f1ado para maximizar el potencial del libro con soporte profesional completo. Ofrecemos un enfoque personalizado, asegurando que cada libro sea tratado con la m\u00e1xima atenci\u00f3n y recursos necesarios para triunfar en un mercado competitivo. Este plan no solo garantiza la correcci\u00f3n y la publicaci\u00f3n de alta calidad de tu libro, sino que amplifica la presencia del libro en el mercado estableciendo una relaci\u00f3n de colaboraci\u00f3n duradera entre el autor y la editorial. Env\u00eda tu manuscrito hoy y da el primer paso hacia el \u00e9xito editorial.<\/p>\n<p>\u00a0<\/p>\n<h5><i>Env\u00edenos tu manuscrito para una revisi\u00f3n gratuita. Bas\u00e1ndonos en esta evaluaci\u00f3n inicial, proporcionaremos un presupuesto completamente personalizado. Cont\u00e1ctanos hoy y da el primer paso hacia el \u00e9xito literario. Con nuestra experiencia y tus sue\u00f1os, juntos lograremos que tu libro no solo sea publicado, sino tambi\u00e9n le\u00eddo y apreciado por una amplia audiencia. \u00danete al Plan Socio Editorial Premium de Editorial Y Ya Est\u00e1 y transforma tu manuscrito en una obra de alcance mundial.<\/i><\/h5>\n<p class=\"MsoNormal\">\u00a0<\/p>\t\t\t\t\t\t\t\t<\/div>\n\t\t\t\t<\/div>\n\t\t\t\t\t<\/div>\n\t\t\t\t<\/div>\n\t\t\t\t<\/div>\n\t\t","protected":false},"excerpt":{"rendered":"<p>En Editorial Y Ya Est\u00e1, entendemos que publicar un libro es solo el comienzo de un viaje apasionante. Para aquellos autores que desean tener control total de las ganancias de sus obras e ir m\u00e1s all\u00e1 hasta alcanzar el verdadero \u00e9xito, hemos creado un servicio premium que combina lo mejor de la edici\u00f3n con las [&hellip;]<\/p>\n","protected":false},"author":1,"featured_media":0,"parent":0,"menu_order":0,"comment_status":"closed","ping_status":"closed","template":"","meta":{"om_disable_all_campaigns":false,"_uag_custom_page_level_css":"","_monsterinsights_skip_tracking":false,"_monsterinsights_sitenote_active":false,"_monsterinsights_sitenote_note":"","_monsterinsights_sitenote_category":0,"_uf_show_specific_survey":0,"_uf_disable_surveys":false,"site-sidebar-layout":"default","site-content-layout":"","ast-site-content-layout":"default","site-content-style":"default","site-sidebar-style":"default","ast-global-header-display":"","ast-banner-title-visibility":"","ast-main-header-display":"","ast-hfb-above-header-display":"","ast-hfb-below-header-display":"","ast-hfb-mobile-header-display":"","site-post-title":"","ast-breadcrumbs-content":"","ast-featured-img":"","footer-sml-layout":"","ast-disable-related-posts":"","theme-transparent-header-meta":"","adv-header-id-meta":"","stick-header-meta":"","header-above-stick-meta":"","header-main-stick-meta":"","header-below-stick-meta":"","astra-migrate-meta-layouts":"set","ast-page-background-enabled":"default","ast-page-background-meta":{"desktop":{"background-color":"var(--ast-global-color-4)","background-image":"","background-repeat":"repeat","background-position":"center center","background-size":"auto","background-attachment":"scroll","background-type":"","background-media":"","overlay-type":"","overlay-color":"","overlay-opacity":"","overlay-gradient":""},"tablet":{"background-color":"","background-image":"","background-repeat":"repeat","background-position":"center center","background-size":"auto","background-attachment":"scroll","background-type":"","background-media":"","overlay-type":"","overlay-color":"","overlay-opacity":"","overlay-gradient":""},"mobile":{"background-color":"","background-image":"","background-repeat":"repeat","background-position":"center center","background-size":"auto","background-attachment":"scroll","background-type":"","background-media":"","overlay-type":"","overlay-color":"","overlay-opacity":"","overlay-gradient":""}},"ast-content-background-meta":{"desktop":{"background-color":"var(--ast-global-color-5)","background-image":"","background-repeat":"repeat","background-position":"center center","background-size":"auto","background-attachment":"scroll","background-type":"","background-media":"","overlay-type":"","overlay-color":"","overlay-opacity":"","overlay-gradient":""},"tablet":{"background-color":"var(--ast-global-color-5)","background-image":"","background-repeat":"repeat","background-position":"center center","background-size":"auto","background-attachment":"scroll","background-type":"","background-media":"","overlay-type":"","overlay-color":"","overlay-opacity":"","overlay-gradient":""},"mobile":{"background-color":"var(--ast-global-color-5)","background-image":"","background-repeat":"repeat","background-position":"center center","background-size":"auto","background-attachment":"scroll","background-type":"","background-media":"","overlay-type":"","overlay-color":"","overlay-opacity":"","overlay-gradient":""}},"footnotes":""},"class_list":["post-966","page","type-page","status-publish","hentry"],"aioseo_notices":[],"uagb_featured_image_src":{"full":false,"thumbnail":false,"medium":false,"medium_large":false,"large":false,"1536x1536":false,"2048x2048":false},"uagb_author_info":{"display_name":"Editorial Y Ya Est\u00e1","author_link":"https:\/\/yyaesta.com\/index.php\/author\/robinsonmatty21\/"},"uagb_comment_info":0,"uagb_excerpt":"En Editorial Y Ya Est\u00e1, entendemos que publicar un libro es solo el comienzo de un viaje apasionante. Para aquellos autores que desean tener control total de las ganancias de sus obras e ir m\u00e1s all\u00e1 hasta alcanzar el verdadero \u00e9xito, hemos creado un servicio premium que combina lo mejor de la edici\u00f3n con las&hellip;","_links":{"self":[{"href":"https:\/\/yyaesta.com\/index.php\/wp-json\/wp\/v2\/pages\/966","targetHints":{"allow":["GET"]}}],"collection":[{"href":"https:\/\/yyaesta.com\/index.php\/wp-json\/wp\/v2\/pages"}],"about":[{"href":"https:\/\/yyaesta.com\/index.php\/wp-json\/wp\/v2\/types\/page"}],"author":[{"embeddable":true,"href":"https:\/\/yyaesta.com\/index.php\/wp-json\/wp\/v2\/users\/1"}],"replies":[{"embeddable":true,"href":"https:\/\/yyaesta.com\/index.php\/wp-json\/wp\/v2\/comments?post=966"}],"version-history":[{"count":8,"href":"https:\/\/yyaesta.com\/index.php\/wp-json\/wp\/v2\/pages\/966\/revisions"}],"predecessor-version":[{"id":1045,"href":"https:\/\/yyaesta.com\/index.php\/wp-json\/wp\/v2\/pages\/966\/revisions\/1045"}],"wp:attachment":[{"href":"https:\/\/yyaesta.com\/index.php\/wp-json\/wp\/v2\/media?parent=966"}],"curies":[{"name":"wp","href":"https:\/\/api.w.org\/{rel}","templated":true}]}}